{"id":104,"date":"2020-11-17T10:21:56","date_gmt":"2020-11-17T10:21:56","guid":{"rendered":"http:\/\/baliabideak4-0.cidec.net\/?page_id=104"},"modified":"2020-11-25T19:44:18","modified_gmt":"2020-11-25T19:44:18","slug":"mapa-de-empresas-4-0","status":"publish","type":"page","link":"http:\/\/baliabideak4-0.cidec.net\/eu\/actividades-y-tejido-empresarial-4-0\/mapa-de-empresas-4-0\/","title":{"rendered":"4.0.  enpresen mapa"},"content":{"rendered":"\t\t<div data-elementor-type=\"wp-page\" data-elementor-id=\"104\" class=\"elementor elementor-104\" data-elementor-settings=\"[]\">\n\t\t\t<div class=\"elementor-inner\">\n\t\t\t\t<div class=\"elementor-section-wrap\">\n\t\t\t\t\t\t\t<section class=\"elementor-element elementor-element-9d8ac3b elementor-section-boxed elementor-section-height-default elementor-section-height-default elementor-section elementor-top-section\" data-id=\"9d8ac3b\" data-element_type=\"section\">\n\t\t\t\t\t\t<div class=\"elementor-container elementor-column-gap-default\">\n\t\t\t\t<div class=\"elementor-row\">\n\t\t\t\t<div class=\"elementor-element elementor-element-296811f elementor-column elementor-col-100 elementor-top-column\" data-id=\"296811f\" data-element_type=\"column\">\n\t\t\t<div class=\"elementor-column-wrap\">\n\t\t\t\t\t<div class=\"elementor-widget-wrap\">\n\t\t\t\t\t\t<\/div>\n\t\t\t<\/div>\n\t\t<\/div>\n\t\t\t\t\t\t<\/div>\n\t\t\t<\/div>\n\t\t<\/section>\n\t\t\t\t<section class=\"elementor-element elementor-element-1114a20 elementor-section-boxed elementor-section-height-default elementor-section-height-default elementor-section elementor-top-section\" data-id=\"1114a20\" data-element_type=\"section\">\n\t\t\t\t\t\t<div class=\"elementor-container elementor-column-gap-default\">\n\t\t\t\t<div class=\"elementor-row\">\n\t\t\t\t<div class=\"elementor-element elementor-element-5d84020 elementor-column elementor-col-100 elementor-top-column\" data-id=\"5d84020\" data-element_type=\"column\">\n\t\t\t<div class=\"elementor-column-wrap  elementor-element-populated\">\n\t\t\t\t\t<div class=\"elementor-widget-wrap\">\n\t\t\t\t<div class=\"elementor-element elementor-element-23e6ad3 elementor-tabs-view-horizontal elementor-widget elementor-widget-tabs\" data-id=\"23e6ad3\" data-element_type=\"widget\" data-widget_type=\"tabs.default\">\n\t\t\t\t<div class=\"elementor-widget-container\">\n\t\t\t\t\t<div class=\"elementor-tabs\" role=\"tablist\">\n\t\t\t<div class=\"elementor-tabs-wrapper\">\n\t\t\t\t\t\t\t\t\t<div id=\"elementor-tab-title-3761\" class=\"elementor-tab-title elementor-tab-desktop-title\" data-tab=\"1\" role=\"tab\" aria-controls=\"elementor-tab-content-3761\"><a href=\"\">TEJIDO EMPRESARIAL 4.0, TECNOLOGICO<\/a><\/div>\n\t\t\t\t\t\t\t\t\t<div id=\"elementor-tab-title-3762\" class=\"elementor-tab-title elementor-tab-desktop-title\" data-tab=\"2\" role=\"tab\" aria-controls=\"elementor-tab-content-3762\"><a href=\"\">\u00c1lava<\/a><\/div>\n\t\t\t\t\t\t\t\t\t<div id=\"elementor-tab-title-3763\" class=\"elementor-tab-title elementor-tab-desktop-title\" data-tab=\"3\" role=\"tab\" aria-controls=\"elementor-tab-content-3763\"><a href=\"\">Bizkaia<\/a><\/div>\n\t\t\t\t\t\t\t\t\t<div id=\"elementor-tab-title-3764\" class=\"elementor-tab-title elementor-tab-desktop-title\" data-tab=\"4\" role=\"tab\" aria-controls=\"elementor-tab-content-3764\"><a href=\"\">Gipuzkoa<\/a><\/div>\n\t\t\t\t\t\t\t<\/div>\n\t\t\t<div class=\"elementor-tabs-content-wrapper\">\n\t\t\t\t\t\t\t\t\t<div class=\"elementor-tab-title elementor-tab-mobile-title\" data-tab=\"1\" role=\"tab\">TEJIDO EMPRESARIAL 4.0, TECNOLOGICO<\/div>\n\t\t\t\t\t<div id=\"elementor-tab-content-3761\" class=\"elementor-tab-content elementor-clearfix\" data-tab=\"1\" role=\"tabpanel\" aria-labelledby=\"elementor-tab-title-3761\"><img loading=\"lazy\" class=\" wp-image-334 alignleft\" src=\"http:\/\/baliabideak4-0.cidec.net\/wp-content\/uploads\/2020\/11\/mapa-1-300x230.png\" alt=\"\" width=\"211\" height=\"162\" srcset=\"http:\/\/baliabideak4-0.cidec.net\/wp-content\/uploads\/2020\/11\/mapa-1-300x230.png 300w, http:\/\/baliabideak4-0.cidec.net\/wp-content\/uploads\/2020\/11\/mapa-1.png 331w\" sizes=\"(max-width: 211px) 100vw, 211px\" \/>Para organizar actividades y conocer un poco m\u00e1s el tejido empresarial 4.0 de Euskadi, se incluye una selecci\u00f3n de empresas de referencia en este \u00e1mbito por Territorio Hist\u00f3rico.\n\nTambi\u00e9n el contacto con los Parques Tecnol\u00f3gicos, espacios que llevan a cabo iniciativas para acercar al alumnado a empresas 4.0, tecnol\u00f3gicas, de biociencias, etc.<\/div>\n\t\t\t\t\t\t\t\t\t<div class=\"elementor-tab-title elementor-tab-mobile-title\" data-tab=\"2\" role=\"tab\">\u00c1lava<\/div>\n\t\t\t\t\t<div id=\"elementor-tab-content-3762\" class=\"elementor-tab-content elementor-clearfix\" data-tab=\"2\" role=\"tabpanel\" aria-labelledby=\"elementor-tab-title-3762\"><ul><li><strong>Aernnova. <\/strong><em>Parque Tecnol\u00f3gico de \u00c1lava<\/em><strong><br \/><\/strong><span style=\"color: #808080;\">Empresa lider en el dise\u00f1o y fabricaci\u00f3n de aeroestructuras, como alas, estabilizadores y fuselajes tanto en metal como composites, para los principales OEMs.<br \/><\/span><a href=\"http:\/\/www.aernnova.com\/\">http:\/\/www.aernnova.com\/<\/a><\/li><\/ul><ul><li><strong>AJL Ophthalmic. <\/strong><em>Parque Tecnol\u00f3gico de \u00c1lava<\/em><strong><br \/><\/strong><span style=\"color: #808080;\">Empresa reconocida en el mercado global de la Oftalmolog\u00eda.<br \/><\/span><a href=\"https:\/\/ajlsa.com\/empresa\/\">https:\/\/ajlsa.com\/empresa\/<\/a><\/li><\/ul><ul><li><strong>Boutefeu I&amp;D<br \/><\/strong><span style=\"color: #808080;\">Empresa especializada en servicios de Ingenier\u00eda de Plantas Industriales y Arquitectura, enfocada hacia cualquiera de las \u00e1reas que puedan intervenir en el proceso de desarrollo de instalaciones industriales.<br \/><\/span><a href=\"http:\/\/www.boutefeu.com\">http:\/\/www.boutefeu.com<\/a><\/li><\/ul><ul><li><strong>CiC Energigune. <\/strong><em>Parque Tecnol\u00f3gico de \u00c1lava<\/em><strong><br \/><\/strong><span style=\"color: #808080;\">Investigaci\u00f3n en materiales y sistemas para el almacenamiento de energ\u00eda t\u00e9rmica y electroqu\u00edmica.<br \/><\/span><a href=\"https:\/\/cicenergigune.com\/es\">https:\/\/cicenergigune.com\/es<\/a><\/li><\/ul><ul><li><strong>Parque Tecnol\u00f3gico de \u00c1lava<\/strong>. <em>Vitoria-Gasteiz<br \/><\/em><span style=\"color: #808080;\">Vanguardia de la industria no s\u00f3lo alavesa, sino vasca con un pool de empresas, agentes claves y startups de los sectores estrat\u00e9gicos marcados por Europa: Biociencias-Salud; Energ\u00eda y Medio Ambiente; Aeron\u00e1utico-Aeroespacial y TEICS.<br \/><\/span><a href=\"https:\/\/parke.eus\/alava\/es\/\">https:\/\/parke.eus\/alava\/es\/<\/a><\/li><\/ul><\/div>\n\t\t\t\t\t\t\t\t\t<div class=\"elementor-tab-title elementor-tab-mobile-title\" data-tab=\"3\" role=\"tab\">Bizkaia<\/div>\n\t\t\t\t\t<div id=\"elementor-tab-content-3763\" class=\"elementor-tab-content elementor-clearfix\" data-tab=\"3\" role=\"tabpanel\" aria-labelledby=\"elementor-tab-title-3763\"><ul>\n \t<li><strong>AZTI <\/strong><em>Sukarrieta, Pasaia, Derio)<\/em>\n<span style=\"color: #808080;\">Transformamos la ciencia en soluciones que dan respuesta a los grandes desaf\u00edos de la cadena de valor del mar y de la alimentaci\u00f3n<\/span>.\nhttps:\/\/www.azti.es\/sobre-azti\/<\/li><\/ul>\n<ul>\n \t<li><strong>CIC Biogume. Parque Tecnol\u00f3gico<\/strong>\n<span style=\"color: #808080;\">Centro de investigaci\u00f3n clave dentro del panorama cient\u00edfico nacional e internacional en el \u00e1rea de las ciencias de la salud.<\/span>\nhttps:\/\/www.cicbiogune.es\/<\/li>\n \t<\/ul>\n<ul><li><strong>Gaia.<\/strong> <em>Donostia, Bilbao<\/em>\n<span style=\"color: #808080;\">GAIA es la Asociaci\u00f3n de Industrias de Conocimiento y Tecnolog\u00edas Aplicadas. El sector ICTA de Euskadi constituye una ventaja competitiva para acelerar la transformaci\u00f3n de empresas, territorio y sociedad, con el fin de posicionarse en la nueva econom\u00eda.<\/span>\nhttps:\/\/gaia.es\/contactus<\/li>\n \t<\/ul>\n<ul><li><strong>Gaiker<\/strong>. <em>Zamudio<\/em>\n<span style=\"color: #808080;\">Centro Tecnol\u00f3gico dedicado a la Investigaci\u00f3n y la prestaci\u00f3n de Servicios Tecnol\u00f3gicos e Innovadores para las empresas. Desde nuestra creaci\u00f3n en 1985, contribuimos al desarrollo tecnol\u00f3gico y a la competitividad del tejido empresarial mediante el aprendizaje, especializaci\u00f3n y posterior transferencia a los miembros de nuestra Fundaci\u00f3n y a nuestros clientes de tecnolog\u00edas relacionadas con nuestras \u00c1reas de Conocimiento: la Biotecnolog\u00eda y los Composites y Pol\u00edmeros Funcionales Sostenibles.<\/span>\nhttp:\/\/www.gaiker.es\/cas\/index.aspx<\/li>\n \t<\/ul>\n<ul><li><strong>Gestamp Global Tooling<\/strong>. <em>Derio<\/em>\n<strong>Gestamp R&amp;D.<\/strong> <em>Bilbao<\/em>\n<span style=\"color: #808080;\">Dise\u00f1o, desarrollo y fabricaci\u00f3n de componentes met\u00e1licos para el autom\u00f3vil. Est\u00e1 especializado en la creaci\u00f3n de productos con un dise\u00f1o innovador para conseguir veh\u00edculos cada vez m\u00e1s seguros y ligeros, y por lo tanto mejores en relaci\u00f3n al consumo de energ\u00eda e impacto medioambiental.<\/span>\nhttps:\/\/www.gestamp.com\/es\/home<\/li>\n \t<\/ul>\n<ul><li><strong>Iberm\u00e1tica<\/strong>. <em>Donostia, Derio, Zamudio, Mendaro, Elgoibar<\/em>\n<span style=\"color: #808080;\">Compa\u00f1\u00eda global de servicios TI que lleva operando en el mercado desde 1973. Ayudamos a la transformaci\u00f3n digital de las empresas, instituciones y organizaciones para mejorar su competitividad mediante la aplicaci\u00f3n de la tecnolog\u00eda y el conocimiento.<\/span>\nhttps:\/\/ibermatica.com\/<\/li>\n \t<\/ul>\n<ul><li><strong>Innovalia<\/strong>. <em>Bilbao<\/em>\n<span style=\"color: #808080;\">Unidad empresarial de I+D privada que tiene como principal prop\u00f3sito fomentar la innovaci\u00f3n tecnol\u00f3gica en las peque\u00f1as y medianas empresas. Formada por un conjunto de empresas que a\u00fanan talento, competencias y recursos, la Asociaci\u00f3n Innovalia es una referencia para PYMES que demandan capacidades tecnol\u00f3gicas avanzadas, altamente especializadas y con una dimensi\u00f3n de cooperaci\u00f3n transnacional.<\/span>\nhttps:\/\/innovalia.org\/<\/li>\n \t<\/ul>\n<ul><li><strong>Itelazpi<\/strong>. <em>Parque Cient\u00edfico y Tecnol\u00f3gico de Bizkaia<\/em>\n<span style=\"color: #808080;\">Empresa p\u00fablica dirigida a la prestaci\u00f3n de servicios portadores de los de radio y televisi\u00f3n y servicios de comunicaciones p\u00fablicas, as\u00ed como a la gesti\u00f3n de las infraestructuras p\u00fablicas de telecomunicaciones.<\/span>\nhttp:\/\/www.itelazpi.eus<\/li>\n \t<\/ul>\n<ul><li><strong>MC Aplicaciones<\/strong>. <em>Barakaldo<\/em>\n<span style=\"color: #808080;\">M&amp;C Aplicaciones forma parte del grupo GSI, grupo empresarial especializado en los diferentes \u00e1mbitos de la industria 4.0 operando en el mercado desde hace m\u00e1s de 15 a\u00f1os.<\/span>\nhttps:\/\/www.mcaplicaciones.es\/<\/li>\n \t<\/ul>\n<ul><li><strong>Parque Cient\u00edfico y Tecnol\u00f3gico de Bizkaia<\/strong>\n<span style=\"color: #808080;\">Primer parque de estas caracteri\u0301sticas abierto en Espa\u00f1a, relevante por su capacidad de atracci\u00f3n de talento y que lo ha convertido en uno de los polos de innovaci\u00f3n m\u00e1s importantes en sectores relativamente nuevos como la industria 4.0.<\/span>\nhttps:\/\/parke.eus\/bizkaia\/es<\/li>\n \t<\/ul>\n<ul><li><strong>Sarenet<\/strong>. <em>Zamudio<\/em>\n<span style=\"color: #808080;\">Sarenet nace en 1995 como Proveedor de Internet especializado en soluciones corporativas. Desde entonces hemos recorrido un largo camino incorporando muchas innovaciones, al igual que el sector de Internet. Hoy somos uno de los principales operadores de voz y datos especializado en empresas de Espa\u00f1a.<\/span>\nhttps:\/\/www.sarenet.es\/<\/li>\n \t<\/ul>\n<ul><li><strong>Virtualware<\/strong>. <em>Basauri<\/em>\n<span style=\"color: #808080;\">Desarrollo de modelos de negocio en la innovaci\u00f3n digital.<\/span>\nhttps:\/\/www.virtualwareco.com\/es\/<\/li>\n<\/ul><\/div>\n\t\t\t\t\t\t\t\t\t<div class=\"elementor-tab-title elementor-tab-mobile-title\" data-tab=\"4\" role=\"tab\">Gipuzkoa<\/div>\n\t\t\t\t\t<div id=\"elementor-tab-content-3764\" class=\"elementor-tab-content elementor-clearfix\" data-tab=\"4\" role=\"tabpanel\" aria-labelledby=\"elementor-tab-title-3764\"><ul>\n \t<li><strong>ATELEI Engineering. <\/strong><em>Irun<\/em>\n<span style=\"color: #808080;\">Dise\u00f1o y fabricaci\u00f3n de productos electr\u00f3nicos. Comercializaci\u00f3n de productos propios englobados dentro de la denominada industria 4.0<\/span>\n<a href=\"https:\/\/www.atelei.com\">https:\/\/www.atelei.com<\/a><\/li>\n<\/ul>\n<ul>\n \t<li><strong>AZTI. <\/strong><em>Sukarrieta, Pasaia, Derio<\/em>\n<span style=\"color: #808080;\">Transformamos la ciencia en soluciones que dan respuesta a los grandes desaf\u00edos de la cadena de valor del mar y de la alimentaci\u00f3n.<\/span>\n<a href=\"https:\/\/www.azti.es\/sobre-azti\/\">https:\/\/www.azti.es\/sobre-azti\/<\/a><\/li>\n<\/ul>\n<ul>\n \t<li><strong>CIC Biomagune. Parque Tecnol\u00f3gico<\/strong>\n<span style=\"color: #808080;\">Center for Cooperative Research in Biomaterials- CIC biomaGUNE. Su objetivo es impulsar la investigaci\u00f3n cient\u00edfica y la innovaci\u00f3n tecnol\u00f3gica al m\u00e1s alto nivel en el Pa\u00eds Vasco siguiendo la pol\u00edtica Biobasque, con el fin de crear un nuevo sector empresarial basado en las biociencias.<\/span>\n<a href=\"https:\/\/www.cicbiomagune.es\">https:\/\/www.cicbiomagune.es<\/a><\/li>\n<\/ul>\n<ul>\n \t<li><strong>Ceit. <\/strong><em>Donostia<\/em>\n<span style=\"color: #808080;\">Ceit es un centro de investigaci\u00f3n sin \u00e1nimo de lucro, creado por iniciativa de la Universidad de Navarra en 1982, y cuya tarea principal consiste en llevar a cabo proyectos industriales de investigaci\u00f3n aplicada bajo contrato, en estrecha colaboraci\u00f3n con los departamentos de I+D de la empresas.<\/span><a href=\"https:\/\/www.ceit.es\/\">\nhttps:\/\/www.ceit.es\/<\/a><\/li>\n<\/ul>\n<ul>\n \t<li><strong>Cidetec. <\/strong><em>Donostia<\/em>\n<span style=\"color: #808080;\">CIDETEC es una organizaci\u00f3n de investigaci\u00f3n aplicada que integra a tres centros tecnol\u00f3gicos de referencia internacional en Almacenamiento de Energ\u00eda, Ingenier\u00eda de Superficies y Nanomedicina.<\/span>\n<a href=\"https:\/\/www.cidetec.es\/es\/inicio\">https:\/\/www.cidetec.es\/es\/inicio<\/a><\/li>\n<\/ul>\n<ul>\n \t<li><strong>Gaia. <\/strong><em>Donostia, Bilbao<\/em>\n<span style=\"color: #808080;\">GAIA es la Asociaci\u00f3n de Industrias de Conocimiento y Tecnolog\u00edas Aplicadas. El sector ICTA de Euskadi constituye una ventaja competitiva para acelerar la transformaci\u00f3n de empresas, territorio y sociedad, con el fin de posicionarse en la nueva econom\u00eda.<\/span>\n<a href=\"https:\/\/gaia.es\/contactus\">https:\/\/gaia.es\/contactus<\/a><\/li>\n<\/ul>\n<ul>\n \t<li><strong>Iberm\u00e1tica. <\/strong><em>Donostia, Derio, Zamudio, Mendaro, Elgoibar<\/em><strong>\n<\/strong><span style=\"color: #808080;\">Compa\u00f1\u00eda global de servicios TI que lleva operando en el mercado desde 1973. Ayudamos a la transformaci\u00f3n digital de las empresas, instituciones y organizaciones para mejorar su competitividad mediante la aplicaci\u00f3n de la tecnolog\u00eda y el conocimiento.<\/span>\n<a href=\"https:\/\/ibermatica.com\/\">https:\/\/ibermatica.com\/<\/a><\/li>\n<\/ul>\n<ul>\n \t<li><strong>Ideko. <\/strong><em>Elgoibar<\/em>\n<span style=\"color: #808080;\">Somos un centro tecnol\u00f3gico especializado en tecnolog\u00edas de fabricaci\u00f3n y producci\u00f3n industrial. Nos dedicamos a generar, captar y desarrollar nuevas tecnolog\u00edas capaces de dar respuesta a los retos actuales y futuros de la industria.<\/span><a href=\"https:\/\/www.ideko.es\/\">\nhttps:\/\/www.ideko.es\/<\/a><\/li>\n<\/ul>\n<ul>\n \t<li><strong>Ikerlan. Arrasate. <\/strong><em>Hernani<\/em>\n<span style=\"color: #808080;\">IKERLAN es un centro tecnol\u00f3gico l\u00edder en la transferencia de conocimiento y en la aportaci\u00f3n de valor competitivo a las empresas. Buscamos la excelencia en la I+D+i, gracias a la continua adaptaci\u00f3n a las necesidades de nuestros clientes y la cercan\u00eda a la realidad empresarial. Fiel a nuestra misi\u00f3n, trabajamos d\u00eda a d\u00eda desde 1974 para desarrollar soluciones que permitan a nuestros clientes ser cada vez m\u00e1s competitivos. Somos una cooperativa miembro de la Corporaci\u00f3n MONDRAGON y estamos vinculados al Basque Research and Technology Alliance (BRTA).<\/span>\n<a href=\"https:\/\/www.ikerlan.es\/\">https:\/\/www.ikerlan.es\/<\/a><\/li>\n<\/ul>\n<ul>\n \t<li><strong>Lortek. <\/strong>Ordizia\n<span style=\"color: #808080;\">En Lortek generamos conocimiento excelente en Procesos de Fabricaci\u00f3n y su digitalizaci\u00f3n. Especializados en tecnolog\u00edas de uni\u00f3n y fabricaci\u00f3n aditiva met\u00e1lica. Trabajamos para el desarrollo tecnol\u00f3gico de la industria, transferimos el conocimiento al tejido industrial y, de esta manera, mejoramos la competitividad y sostenibilidad.<\/span>\n<a href=\"https:\/\/www.lortek.es\/es\/home\">https:\/\/www.lortek.es\/es\/home<\/a><\/li>\n<\/ul>\n<ul>\n \t<li><strong style=\"font-size: 1rem;\">Parque Cient\u00edfico y Tecnol\u00f3gico de Gipuzkoa<\/strong>\n<span style=\"color: #808080;\">Forma parte de la Red de Parques Tecnol\u00f3gicos de Euskadi, un ecosistema de talento y conocimiento que concentra la apuesta por dar a la innovaci\u00f3n y la internacionalizaci\u00f3n papeles protagonistas en la pol\u00edtica industrial vasca.<\/span><a href=\"https:\/\/parke.eus\/gipuzkoa\/es\/\">https:\/\/parke.eus\/gipuzkoa\/es\/<\/a><\/li>\n<\/ul>\n<ul>\n \t<li><strong>Tecnalia. <\/strong>Donostia\n<span style=\"color: #808080;\">Primer centro de investigaci\u00f3n aplicada y desarrollo tecnol\u00f3gico del Estado y uno de los m\u00e1s importantes de Europa. TECNALIA es el puente necesario entre la I+D+i y la realidad competitiva de las empresas. Desarrollamos activos tecnol\u00f3gicos listos para generar negocio, en forma de propiedad industrial, know-how o participaci\u00f3n en empresas de base tecnol\u00f3gica.<\/span>\n<a href=\"https:\/\/www.tecnalia.com\/es\/\">https:\/\/www.tecnalia.com\/es\/<\/a><\/li>\n<\/ul>\n<ul>\n \t<li><strong>Tekniker. <\/strong>Eibar\n<span style=\"color: #808080;\"><strong>Centro tecnol\u00f3gico<\/strong> integrado por personas con vocaci\u00f3n y compromiso por impulsar la capacidad innovadora de sus clientes e incrementar su capital tecnol\u00f3gico para mejorar su competitividad de forma sostenible, a trav\u00e9s de la generaci\u00f3n y aplicaci\u00f3n del conocimiento cient\u00edfico-tecnol\u00f3gico.<\/span>\n<a href=\"https:\/\/www.tekniker.es\/es\">https:\/\/www.tekniker.es\/es<\/a><\/li>\n<\/ul>\n<ul>\n \t<li><strong>Vive Biotech. Parque Cient\u00edfico y Tecnol\u00f3gico<\/strong>\n<span style=\"color: #808080;\">Organizaci\u00f3n especializada en el desarrollo y fabricaci\u00f3n GMP a terceros (CDMO) de vectores lentivirales.<\/span>\n<a href=\"https:\/\/www.vivebiotech.com\/es\/\">https:\/\/www.vivebiotech.com\/es\/<\/a><\/li>\n<\/ul><\/div>\n\t\t\t\t\t\t\t<\/div>\n\t\t<\/div>\n\t\t\t\t<\/div>\n\t\t\t\t<\/div>\n\t\t\t\t\t\t<\/div>\n\t\t\t<\/div>\n\t\t<\/div>\n\t\t\t\t\t\t<\/div>\n\t\t\t<\/div>\n\t\t<\/section>\n\t\t\t\t\t\t<\/div>\n\t\t\t<\/div>\n\t\t<\/div>\n\t\t","protected":false},"excerpt":{"rendered":"<p>TEJIDO EMPRESARIAL 4.0, TECNOLOGICO \u00c1lava Bizkaia Gipuzkoa TEJIDO EMPRESARIAL 4.0, TECNOLOGICO Para organizar actividades y conocer un poco m\u00e1s el tejido empresarial 4.0 de Euskadi, se incluye una selecci\u00f3n de empresas de referencia en este \u00e1mbito por Territorio Hist\u00f3rico. Tambi\u00e9n el contacto con los Parques Tecnol\u00f3gicos, espacios que llevan a cabo iniciativas para acercar al [&hellip;]<\/p>\n","protected":false},"author":1,"featured_media":0,"parent":100,"menu_order":0,"comment_status":"closed","ping_status":"closed","template":"","meta":[],"_links":{"self":[{"href":"http:\/\/baliabideak4-0.cidec.net\/eu\/wp-json\/wp\/v2\/pages\/104"}],"collection":[{"href":"http:\/\/baliabideak4-0.cidec.net\/eu\/wp-json\/wp\/v2\/pages"}],"about":[{"href":"http:\/\/baliabideak4-0.cidec.net\/eu\/wp-json\/wp\/v2\/types\/page"}],"author":[{"embeddable":true,"href":"http:\/\/baliabideak4-0.cidec.net\/eu\/wp-json\/wp\/v2\/users\/1"}],"replies":[{"embeddable":true,"href":"http:\/\/baliabideak4-0.cidec.net\/eu\/wp-json\/wp\/v2\/comments?post=104"}],"version-history":[{"count":14,"href":"http:\/\/baliabideak4-0.cidec.net\/eu\/wp-json\/wp\/v2\/pages\/104\/revisions"}],"predecessor-version":[{"id":424,"href":"http:\/\/baliabideak4-0.cidec.net\/eu\/wp-json\/wp\/v2\/pages\/104\/revisions\/424"}],"up":[{"embeddable":true,"href":"http:\/\/baliabideak4-0.cidec.net\/eu\/wp-json\/wp\/v2\/pages\/100"}],"wp:attachment":[{"href":"http:\/\/baliabideak4-0.cidec.net\/eu\/wp-json\/wp\/v2\/media?parent=104"}],"curies":[{"name":"wp","href":"https:\/\/api.w.org\/{rel}","templated":true}]}}