{"id":140,"date":"2020-11-17T10:27:52","date_gmt":"2020-11-17T10:27:52","guid":{"rendered":"http:\/\/baliabideak4-0.cidec.net\/?page_id=140"},"modified":"2020-11-18T10:22:02","modified_gmt":"2020-11-18T10:22:02","slug":"entrevista-aeg","status":"publish","type":"page","link":"http:\/\/baliabideak4-0.cidec.net\/eu\/caja-de-herramientas\/relatos\/entrevista-aeg\/","title":{"rendered":"Entrevista AEG"},"content":{"rendered":"\t\t<div data-elementor-type=\"wp-page\" data-elementor-id=\"140\" class=\"elementor elementor-140\" data-elementor-settings=\"[]\">\n\t\t\t<div class=\"elementor-inner\">\n\t\t\t\t<div class=\"elementor-section-wrap\">\n\t\t\t\t\t\t\t<section class=\"elementor-element elementor-element-319f0ea0 elementor-section-boxed elementor-section-height-default elementor-section-height-default elementor-section elementor-top-section\" data-id=\"319f0ea0\" data-element_type=\"section\">\n\t\t\t\t\t\t<div class=\"elementor-container elementor-column-gap-default\">\n\t\t\t\t<div class=\"elementor-row\">\n\t\t\t\t<div class=\"elementor-element elementor-element-14177099 elementor-column elementor-col-100 elementor-top-column\" data-id=\"14177099\" data-element_type=\"column\" data-settings=\"{&quot;background_background&quot;:&quot;classic&quot;}\">\n\t\t\t<div class=\"elementor-column-wrap  elementor-element-populated\">\n\t\t\t\t\t<div class=\"elementor-widget-wrap\">\n\t\t\t\t<div class=\"elementor-element elementor-element-65075136 elementor-widget elementor-widget-text-editor\" data-id=\"65075136\" data-element_type=\"widget\" data-widget_type=\"text-editor.default\">\n\t\t\t\t<div class=\"elementor-widget-container\">\n\t\t\t\t\t<div class=\"elementor-text-editor elementor-clearfix\"><h4><strong><img loading=\"lazy\" class=\"alignnone size-full wp-image-203\" src=\"http:\/\/baliabideak4-0.cidec.net\/wp-content\/uploads\/2020\/11\/logAEG.png\" alt=\"\" width=\"216\" height=\"104\" \/><\/strong><\/h4><h4><strong>Itinerarios h\u00edbridos de formaci\u00f3n<\/strong><\/h4><p><strong>Jos\u00e9 Ignacio Hern\u00e1ndez. Director de AEG. <\/strong><em>Donostia<\/em><\/p><p style=\"text-align: left;\"><span style=\"color: #808080;\">E<em>n tu caso, desde tu conocimiento y experiencia con el desarrollo de los itinerarios h\u00edbridos de formaci\u00f3n en vuestro centro,<\/em><\/span><\/p><ol><li><h4><strong> \u00bfEn qu\u00e9 consiste el proyecto? <\/strong><\/h4><\/li><\/ol><p><span style=\"color: #808080;\">Al contar AEG con ciclos formativos de grado superior de 4 familias profesionales: Moda Textil, Inform\u00e1tica, Marketing Digital y Administraci\u00f3n Avanzada, ha sido recurrente en su trayectoria como Centro Integrado impartir Formaci\u00f3n, tambi\u00e9n de Itinerarios en Formaci\u00f3n para el Empleo. Dichos proyectos formativos buscaban, adem\u00e1s de una especializaci\u00f3n t\u00e9cnica en cada una de dichas materias y perfiles una hibridaci\u00f3n entre las diferentes disciplinas que abarca el Centro siempre atendiendo a las necesidades de puestos de trabajo de nuestro tejido empresarial.<\/span><\/p><ol start=\"2\"><li><h4><strong> \u00bfC\u00f3mo se incorpora la perspectiva de g\u00e9nero en el proyecto? <\/strong><\/h4><\/li><\/ol><p><span style=\"color: #808080;\">En la Formaci\u00f3n Profesional son muy importantes los denominados \u201cm\u00f3dulos transversales\u201d, en especial Formaci\u00f3n y Orientaci\u00f3n Laboral pero tambi\u00e9n din\u00e1micas de trabajo en Valores 4.0., Emprendizaje con Urrats Bat, Responsabilidad Social Corporativa en general donde han sido m\u00faltiples los retos propuestos a los alumnos y las alumnas tanto dentro de los Ciclos Espec\u00edficos como interrelacionando alumnado de diferentes familias profesionales. Partimos, por simplificar, de ciclos mayoritariamente con alumnado masculino como los de Inform\u00e1tica y ciclos de Moda Textil con hegemon\u00eda femenina que han trabajado de forma conjunta proyectos como la confecci\u00f3n de camisetas serigrafiadas en campa\u00f1as contra la violencia de g\u00e9nero (\u201cNo eres la mu\u00f1eca de nadie\u201d, \u201cJornadas internacionales de Fomento de la Igualdad de Derechos etc).<\/span><\/p><ol start=\"3\"><li><h4><strong> \u00bfQu\u00e9 aspectos innovadores destacar\u00edas? <\/strong><\/h4><\/li><\/ol><p><span style=\"color: #808080;\">Los itinerarios formativos de grado superior h\u00edbridos como el configurado el pasado curso 2019\/2020 con alumnas de Textil que desarrollaron un curso de especializaci\u00f3n en WordPress, constituyen la adquisici\u00f3n de competencias en aspectos relacionados con la Revoluci\u00f3n Digital acordes a las necesidades de las empresas m\u00e1s innovadoras de nuestro pa\u00eds.<\/span><\/p><p><span style=\"color: #808080;\">Las iniciativas como la que incorpora tecnolog\u00eda 3D en la Econom\u00eda Circular, 3DEZ, supone el acceso a t\u00e9cnicas de extrusi\u00f3n de material reciclado, en concreto PET procedente de botellas de agua como fuente de materias primas de los procesos de fabricaci\u00f3n aditiva.<\/span><\/p><ol start=\"4\"><li><h4><strong> \u00bfCu\u00e1l es su impacto en el alumnado implicado? <\/strong><\/h4><\/li><\/ol><p><span style=\"color: #808080;\">Hemos constatado un inter\u00e9s similar entre ambos sexos por ambas tecnolog\u00edas. Incluso en el \u00e1rea del Dise\u00f1o T\u00e9cnico Textil hemos detectado un importante aumento del inter\u00e9s por parte del alumnado femenino en dichas t\u00e9cnicas de la nueva industria 4.0 que, adem\u00e1s, incorporan aspectos de control remoto y de sens\u00f3rica que optimizan los recursos energ\u00e9ticos utilizados en dicha producci\u00f3n.<\/span><\/p><ol start=\"5\"><li><h4><strong> \u00bfQu\u00e9 otros recursos conoces que existen, se est\u00e1n aplicando o pueden ser interesantes para orientar profesionalmente al alumnado hacia estudios 4.0\/STEAM, especialmente en el caso de las mujeres? <\/strong><\/h4><\/li><\/ol><p><span style=\"color: #808080;\">Tambi\u00e9n la incorporaci\u00f3n de t\u00e9cnicas de anal\u00edtica de datos y Big Data en general han supuesto la aportaci\u00f3n de un n\u00famero importante de datos a gestionar con modelos matem\u00e1ticos lo cual supone.<\/span><\/p><p><span style=\"color: #808080;\">Realidad Virtual, Dise\u00f1o con tecnolog\u00edas 3D, Econom\u00eda Circular, Nuevos Tejidos Inteligentes, Tintes ecol\u00f3gicos&#8230;<\/span><\/p><h4><strong>Eskerrik asko Jos\u00e9 Ignacio<\/strong><\/h4><\/div>\n\t\t\t\t<\/div>\n\t\t\t\t<\/div>\n\t\t\t\t\t\t<\/div>\n\t\t\t<\/div>\n\t\t<\/div>\n\t\t\t\t\t\t<\/div>\n\t\t\t<\/div>\n\t\t<\/section>\n\t\t\t\t\t\t<\/div>\n\t\t\t<\/div>\n\t\t<\/div>\n\t\t","protected":false},"excerpt":{"rendered":"<p>Itinerarios h\u00edbridos de formaci\u00f3n Jos\u00e9 Ignacio Hern\u00e1ndez. Director de AEG. Donostia En tu caso, desde tu conocimiento y experiencia con el desarrollo de los itinerarios h\u00edbridos de formaci\u00f3n en vuestro centro, \u00bfEn qu\u00e9 consiste el proyecto? Al contar AEG con ciclos formativos de grado superior de 4 familias profesionales: Moda Textil, Inform\u00e1tica, Marketing Digital y [&hellip;]<\/p>\n","protected":false},"author":1,"featured_media":0,"parent":136,"menu_order":0,"comment_status":"closed","ping_status":"closed","template":"","meta":[],"_links":{"self":[{"href":"http:\/\/baliabideak4-0.cidec.net\/eu\/wp-json\/wp\/v2\/pages\/140"}],"collection":[{"href":"http:\/\/baliabideak4-0.cidec.net\/eu\/wp-json\/wp\/v2\/pages"}],"about":[{"href":"http:\/\/baliabideak4-0.cidec.net\/eu\/wp-json\/wp\/v2\/types\/page"}],"author":[{"embeddable":true,"href":"http:\/\/baliabideak4-0.cidec.net\/eu\/wp-json\/wp\/v2\/users\/1"}],"replies":[{"embeddable":true,"href":"http:\/\/baliabideak4-0.cidec.net\/eu\/wp-json\/wp\/v2\/comments?post=140"}],"version-history":[{"count":4,"href":"http:\/\/baliabideak4-0.cidec.net\/eu\/wp-json\/wp\/v2\/pages\/140\/revisions"}],"predecessor-version":[{"id":205,"href":"http:\/\/baliabideak4-0.cidec.net\/eu\/wp-json\/wp\/v2\/pages\/140\/revisions\/205"}],"up":[{"embeddable":true,"href":"http:\/\/baliabideak4-0.cidec.net\/eu\/wp-json\/wp\/v2\/pages\/136"}],"wp:attachment":[{"href":"http:\/\/baliabideak4-0.cidec.net\/eu\/wp-json\/wp\/v2\/media?parent=140"}],"curies":[{"name":"wp","href":"https:\/\/api.w.org\/{rel}","templated":true}]}}