{"id":393,"date":"2020-11-25T18:51:00","date_gmt":"2020-11-25T18:51:00","guid":{"rendered":"http:\/\/baliabideak4-0.cidec.net\/?page_id=393"},"modified":"2020-11-25T19:04:15","modified_gmt":"2020-11-25T19:04:15","slug":"entrevista-a-angel-martin-rios","status":"publish","type":"page","link":"http:\/\/baliabideak4-0.cidec.net\/eu\/caja-de-herramientas\/relatos\/entrevista-a-angel-martin-rios\/","title":{"rendered":"Entrevista a \u00c1ngel Mart\u00edn R\u00edos. Diputaci\u00f3n Foral de Gipuzkoa"},"content":{"rendered":"\t\t<div data-elementor-type=\"wp-page\" data-elementor-id=\"393\" class=\"elementor elementor-393\" data-elementor-settings=\"[]\">\n\t\t\t<div class=\"elementor-inner\">\n\t\t\t\t<div class=\"elementor-section-wrap\">\n\t\t\t\t\t\t\t<section class=\"elementor-element elementor-element-e7dd924 elementor-section-boxed elementor-section-height-default elementor-section-height-default elementor-section elementor-top-section\" data-id=\"e7dd924\" data-element_type=\"section\">\n\t\t\t\t\t\t<div class=\"elementor-container elementor-column-gap-default\">\n\t\t\t\t<div class=\"elementor-row\">\n\t\t\t\t<div class=\"elementor-element elementor-element-f9570ea elementor-column elementor-col-100 elementor-top-column\" data-id=\"f9570ea\" data-element_type=\"column\" data-settings=\"{&quot;background_background&quot;:&quot;classic&quot;}\">\n\t\t\t<div class=\"elementor-column-wrap  elementor-element-populated\">\n\t\t\t\t\t<div class=\"elementor-widget-wrap\">\n\t\t\t\t<div class=\"elementor-element elementor-element-1e3bab5 elementor-widget elementor-widget-text-editor\" data-id=\"1e3bab5\" data-element_type=\"widget\" data-widget_type=\"text-editor.default\">\n\t\t\t\t<div class=\"elementor-widget-container\">\n\t\t\t\t\t<div class=\"elementor-text-editor elementor-clearfix\"><h4><strong><\/strong><strong><\/strong><\/h4><h4><strong><img loading=\"lazy\" class=\"alignnone size-medium wp-image-397\" src=\"http:\/\/baliabideak4-0.cidec.net\/wp-content\/uploads\/2020\/11\/logAngel-300x78.png\" alt=\"\" width=\"300\" height=\"78\" srcset=\"http:\/\/baliabideak4-0.cidec.net\/wp-content\/uploads\/2020\/11\/logAngel-300x78.png 300w, http:\/\/baliabideak4-0.cidec.net\/wp-content\/uploads\/2020\/11\/logAngel.png 324w\" sizes=\"(max-width: 300px) 100vw, 300px\" \/><\/strong><strong><\/strong><\/h4><p><strong><\/strong><\/h4><p><strong>\u00c1ngel Mart\u00edn R\u00edos, <\/strong><em>Berrikuntza Teknologikoko eta Internazionalizazioko Zerbitzuburua. Ekonomia Sustapena, Turismoko eta Landa Ingurunea Departamentua. Gipuzkoako Foru Aldundia<\/em><\/p><p>Zure kasuan, 4.0 industria-proiektuen garapenean duzun ezagutzatik eta esperientziatik,<\/p><p><strong>1.\u00a0<\/strong><strong>Zer proiektu garatzen ditu Gipuzkoako Foru Aldundiak 4.0 Industriaren arloan?<\/strong><\/p><p><span style=\"color: #808080;\">Aurreko legegintzaldian kokatu behar dugu, duela 6 bat urte; garai hartan, aurreko krisitik irteten ari ginen, nolabaiteko susperraldi ekonomikoa sumatzen zen, eta horrek bultzatu zuen erakundea industriaren eta fabrikazio aurreratuaren aldeko apustu esplizitua egitera. 4.0 kontzeptua entzuten hasi ginen, Alemaniako lehiakortasun-eredutik zetorrena, eta hiru ildotan hasi ginen lanean:<\/span><\/p><ul><li><span style=\"color: #808080;\">Zientzia eta teknologia, Zientzia, Teknologia eta Berrikuntzaren Euskal Sareko ikerketa-zentroei eta unibertsitateei I+G+b proiektuak garatzeko ematen zaizkien laguntzen bidez;<\/span><\/li><li><span style=\"color: #808080;\">Nazioartekotzea;<\/span><\/li><li><span style=\"color: #808080;\">Eta berrikuntza; Azken ildo horretan Gipuzkoa 4.0. proiektua garatzen da eta 2 jarduera jartzen dira abian: bata, produktu propioa duten enpresa helduentzat, 4.0 produktuen garapenera hurbiltzeko (produktuaren sofistikazioa, batez ere, produktu horien sentsorizazioaren bidez); eta bestea, enpresa txikiagoentzat, lehiakortasuna hobetzera bideratua..<\/span><\/li><\/ul><p><span style=\"color: #808080;\">Esparru horretan, enpresa txikiei zuzendutako proiektua garatzen da, 4.0 diagnostikoa egiteko, aldaketak makinen\u00a0 ordezkapen premietan eta negozio-ereduan nola eragingo zuen ikusteko. Proiektuak huts egin zuen, enpresek konponbideak eskatzen dituztelako eta ez diagnostikoak. Bonu teknologikoen bidez proiektuari berrekin nahi izan zitzaion, baina ez zuen funtzionatu. Azkenik, eskualdeko garapen-agentzien lankidetzari esker, 20tik 100 enplegura bitarteko enpresen egoerari buruzko diagnostikoa egin ahal izan zen, 4.0 arloari dagokionez, haien beharrak identifikatzeko. Ondoren, bigarren fase bat ezarri zen. Fase horretan, eskualde bakoitzeko 4 enpresa hautatu ziren, eta horiekin 4.0 teknologiaren bat eta, aldi berean, antolaketa-arloko berrikuntzaren bat ezartzea landu da. Azken bi urte hauetan, guztira, 90 enpresarekin egin dugu lan eredu horren pean.<\/span><\/p><p><span style=\"color: #808080;\">Eta, azkenik, Fabrikazio Aurreratuaren Gipuzkoa 4.0 Sarea proiektua aipatuko nuke, Gipuzkoako enpresa liderrek 4.0 industria-ekoizpenean izandako arrakasta-esperientziak ETEei ezagutarazteko lankidetza-programa aitzindaria. Programa horren barruan, 8 enpresetako 4.0 teknologia bisitatu dira 4.0 industrian egiten dituzten praktikak ezagutzeko, eta hainbat material prestatu dira, hala nola bideo erakusgarri batzuk, pdf formatuko dossier txiki batekin batera, Aldundiaren webgunetik deskarga daitekeena. Guztira 22 bisita egin ziren eta 400 lagunek baino gehiagok parte hartu zuten. Hala ere, une honetan proiektua geldirik dago, kostatzen ari zaigulako, batetik, ekimen honetan parte hartzera gonbidatzen ditugun enpresen datu-basea zabaltzea, eta, bestetik, jardunbide egokien kasuen sarea zabaltzea.<\/span><\/p><p><strong>2.\u00a0<\/strong><strong>Genero-ikuspegia txertatzen al da horrelako proiektuetan?<\/strong><\/p><p><span style=\"color: #808080;\">Genero-ikuspegia Gipuzkoako Foru Aldundiaren jarduera osoan txertatuta dago, baita gure Departamentuan ere. Nahiz eta ez dugun emakumeei zuzenean zuzendutako programarik garatzen, saiatzen gara programa guztiek genero-politikaren alderdiak txerta ditzaten. Horrela, gure deialdietan puntuazioaren % 30 osatzen duten 3 alderdi puntuatzen dira:<\/span><\/p><ul><li><span style=\"color: #808080;\">Emakumeak enpresan erantzukizuneko postuetan egotea (zuzendaritzako kideak eta erdi-mailako arduradunak)<\/span><\/li><li><span style=\"color: #808080;\">Emakumearen presentzia I+G proiektuetan, oso intentsiboak izaten baitira eskulanean; kasu honetan, emakumearen presentzia kostuari ( %) dagokionez baloratzen da, hau da, ordainduko zaizkien soldatei dagokienez.<\/span><\/li><li><span style=\"color: #808080;\">Enpresak berdintasun-plana edo kontziliazio-neurriak eskura izatea.<\/span><\/li><\/ul><p><strong>3.\u00a0<\/strong><strong>Zer lotura dute hezkuntza-esparruarekin?<\/strong><\/p><p><span style=\"color: #808080;\">LHko zentroekin elkarlanean aritu gara garapen-agentziei ezagutza emateko eta enpresei beren jarduerarako teknologia egokiena erosteko aholkularitza emateko gai izan daitezen. Horrek bi urteko lana ekarri du, eta orain proiektua digitalizazioaren eta eraldaketa digitalaren esparrura zabaldu da.<\/span><\/p><p><span style=\"color: #808080;\">Horrez gain, enpresetara bisita egitera gonbidatu ditugu, Fabrikazio Aurreratuko Gipuzkoa 4.0 Sarea proiektuaren esparruan.<\/span><\/p><p><span style=\"color: #808080;\">Etengabeko harremana dugu zentro horiekin, eskualdeko garapen-agentzien bidez, eta eragile garrantzitsua dira berrikuntza-politiken diseinuan.<\/span><\/p><h4><strong>Eskerrik asko \u00c1ngel<\/strong><\/h4><\/div>\n\t\t\t\t<\/div>\n\t\t\t\t<\/div>\n\t\t\t\t\t\t<\/div>\n\t\t\t<\/div>\n\t\t<\/div>\n\t\t\t\t\t\t<\/div>\n\t\t\t<\/div>\n\t\t<\/section>\n\t\t\t\t\t\t<\/div>\n\t\t\t<\/div>\n\t\t<\/div>\n\t\t","protected":false},"excerpt":{"rendered":"<p>\u00c1ngel Mart\u00edn R\u00edos, Berrikuntza Teknologikoko eta Internazionalizazioko Zerbitzuburua. Ekonomia Sustapena, Turismoko eta Landa Ingurunea Departamentua. Gipuzkoako Foru Aldundia Zure kasuan, 4.0 industria-proiektuen garapenean duzun ezagutzatik eta esperientziatik, 1.\u00a0Zer proiektu garatzen ditu Gipuzkoako Foru Aldundiak 4.0 Industriaren arloan? Aurreko legegintzaldian kokatu behar dugu, duela 6 bat urte; garai hartan, aurreko krisitik irteten ari ginen, nolabaiteko susperraldi [&hellip;]<\/p>\n","protected":false},"author":1,"featured_media":0,"parent":136,"menu_order":0,"comment_status":"closed","ping_status":"closed","template":"","meta":[],"_links":{"self":[{"href":"http:\/\/baliabideak4-0.cidec.net\/eu\/wp-json\/wp\/v2\/pages\/393"}],"collection":[{"href":"http:\/\/baliabideak4-0.cidec.net\/eu\/wp-json\/wp\/v2\/pages"}],"about":[{"href":"http:\/\/baliabideak4-0.cidec.net\/eu\/wp-json\/wp\/v2\/types\/page"}],"author":[{"embeddable":true,"href":"http:\/\/baliabideak4-0.cidec.net\/eu\/wp-json\/wp\/v2\/users\/1"}],"replies":[{"embeddable":true,"href":"http:\/\/baliabideak4-0.cidec.net\/eu\/wp-json\/wp\/v2\/comments?post=393"}],"version-history":[{"count":4,"href":"http:\/\/baliabideak4-0.cidec.net\/eu\/wp-json\/wp\/v2\/pages\/393\/revisions"}],"predecessor-version":[{"id":399,"href":"http:\/\/baliabideak4-0.cidec.net\/eu\/wp-json\/wp\/v2\/pages\/393\/revisions\/399"}],"up":[{"embeddable":true,"href":"http:\/\/baliabideak4-0.cidec.net\/eu\/wp-json\/wp\/v2\/pages\/136"}],"wp:attachment":[{"href":"http:\/\/baliabideak4-0.cidec.net\/eu\/wp-json\/wp\/v2\/media?parent=393"}],"curies":[{"name":"wp","href":"https:\/\/api.w.org\/{rel}","templated":true}]}}