{"id":66,"date":"2020-11-11T12:28:43","date_gmt":"2020-11-11T12:28:43","guid":{"rendered":"http:\/\/baliabideak4-0.cidec.net\/?page_id=66"},"modified":"2020-11-30T11:11:24","modified_gmt":"2020-11-30T11:11:24","slug":"participantes","status":"publish","type":"page","link":"http:\/\/baliabideak4-0.cidec.net\/eu\/proyecto\/participantes\/","title":{"rendered":"Partaideak"},"content":{"rendered":"<p>CIDECekin batera, Ikerpartners eta Ikertalde enpresek lagundu dute proiektu esperimental hau diseinatzen eta gauzatzen.<\/p>\n<p>Halaber, erakunde hauek lagundu dute edukiak eraikitzen eta balorazioak eta esperientzia praktikoak biltzen:<\/p>\n<ul>\n<li>HETEL Euskadiko Lanbide Heziketako ikastetxeen elkartea:\n<ul>\n<li><strong>Julen Elgeta,<\/strong> lehendakaria<\/li>\n<li><strong>Leire Belar,<\/strong> komunikazio arduraduna<\/li>\n<\/ul>\n<\/li>\n<li>Miguel Altuna Lanbide Heziketa. <strong>Alaitz Kristobal<\/strong>, mekatronikako irakaslea<\/li>\n<li>AEG Berrikuntza profesionalen Eskola. <strong>Jos\u00e9 Ignacio Hern\u00e1ndez<\/strong>, zuzendaria<\/li>\n<li>Ekonomia Sustapena, Turismoko eta Landa Ingurunea Departamentua. Gipuzkoako Foru Aldundia. <strong>\u00c1ngel Mart\u00edn R\u00edos<\/strong>, Berrikuntza Teknologikoko eta Internazionalizazioko Zerbitzuburua<\/li>\n<li><strong>Nerea Burutaran<\/strong>, Pertsonen Arduraduna<\/li>\n<li>Ander Deuna Ikastola (Sopela)<\/li>\n<li>Urbi Institutua (Basauri)<\/li>\n<li>Karmelo Ikastola IPI (Bilbo) (Kaixo Guraso Elkartea)<\/li>\n<\/ul>\n<p><span style=\"color: #993300;\"><strong>Pertsona eta erakunde guztien lankidetza eskertzen da.<\/strong><\/span><\/p>","protected":false},"excerpt":{"rendered":"<p>CIDECekin batera, Ikerpartners eta Ikertalde enpresek lagundu dute proiektu esperimental hau diseinatzen eta gauzatzen. Halaber, erakunde hauek lagundu dute edukiak eraikitzen eta balorazioak eta esperientzia praktikoak biltzen: HETEL Euskadiko Lanbide Heziketako ikastetxeen elkartea: Julen Elgeta, lehendakaria Leire Belar, komunikazio arduraduna Miguel Altuna Lanbide Heziketa. Alaitz Kristobal, mekatronikako irakaslea AEG Berrikuntza profesionalen Eskola. Jos\u00e9 Ignacio Hern\u00e1ndez, [&hellip;]<\/p>\n","protected":false},"author":1,"featured_media":0,"parent":38,"menu_order":0,"comment_status":"closed","ping_status":"closed","template":"","meta":[],"_links":{"self":[{"href":"http:\/\/baliabideak4-0.cidec.net\/eu\/wp-json\/wp\/v2\/pages\/66"}],"collection":[{"href":"http:\/\/baliabideak4-0.cidec.net\/eu\/wp-json\/wp\/v2\/pages"}],"about":[{"href":"http:\/\/baliabideak4-0.cidec.net\/eu\/wp-json\/wp\/v2\/types\/page"}],"author":[{"embeddable":true,"href":"http:\/\/baliabideak4-0.cidec.net\/eu\/wp-json\/wp\/v2\/users\/1"}],"replies":[{"embeddable":true,"href":"http:\/\/baliabideak4-0.cidec.net\/eu\/wp-json\/wp\/v2\/comments?post=66"}],"version-history":[{"count":4,"href":"http:\/\/baliabideak4-0.cidec.net\/eu\/wp-json\/wp\/v2\/pages\/66\/revisions"}],"predecessor-version":[{"id":716,"href":"http:\/\/baliabideak4-0.cidec.net\/eu\/wp-json\/wp\/v2\/pages\/66\/revisions\/716"}],"up":[{"embeddable":true,"href":"http:\/\/baliabideak4-0.cidec.net\/eu\/wp-json\/wp\/v2\/pages\/38"}],"wp:attachment":[{"href":"http:\/\/baliabideak4-0.cidec.net\/eu\/wp-json\/wp\/v2\/media?parent=66"}],"curies":[{"name":"wp","href":"https:\/\/api.w.org\/{rel}","templated":true}]}}