{"id":689,"date":"2020-11-29T21:46:52","date_gmt":"2020-11-29T21:46:52","guid":{"rendered":"http:\/\/baliabideak4-0.cidec.net\/?page_id=689"},"modified":"2020-11-29T22:07:34","modified_gmt":"2020-11-29T22:07:34","slug":"presentacion-de-actividades-4-0-diputacion-foral-de-gipuzkoa","status":"publish","type":"page","link":"http:\/\/baliabideak4-0.cidec.net\/eu\/caja-de-herramientas\/experiencias-laborales\/presentacion-de-actividades-4-0-diputacion-foral-de-gipuzkoa\/","title":{"rendered":"Presentaci\u00f3n de actividades 4.0 (Diputaci\u00f3n Foral de Gipuzkoa)"},"content":{"rendered":"<h4><span style=\"color: #008080;\"><strong><u>Tecnolog\u00eda Laser<\/u><\/strong><\/span><\/h4>\n<p>\u201cPor su potencial de desarrollo y flexibilidad de uso, la tecnolog\u00eda l\u00e1ser se ha convertido en una herramienta imprescindible en la revoluci\u00f3n industrial\u201d.<\/p>\n<p><em>Sandra Talacchia. <strong>Responsable \u00c1rea Procesos, IK4 Lortek<\/strong><\/em><\/p>\n<p><a href=\"https:\/\/www.gipuzkoa.eus\/es\/industria4-0\/lortek#ancla-industria\">https:\/\/www.gipuzkoa.eus\/es\/industria4-0\/lortek#ancla-industria<\/a><\/p>\n<h4><span style=\"color: #008080;\"><strong><u>Taller mecanizado aut\u00f3nomo y conectado<\/u><\/strong><\/span><\/h4>\n<p>\u201c365 d\u00edas al a\u00f1o, 24 horas al d\u00eda. Aut\u00f3nomo y conectado. As\u00ed trabaja nuestro taller de mecanizado\u201d.<\/p>\n<p><em>Arrate Olaiz. <strong>Directora de Innovaci\u00f3n de Ibarmia<\/strong><\/em><\/p>\n<p><a href=\"https:\/\/www.gipuzkoa.eus\/es\/industria4-0\/ibarmia#ancla-industria\">https:\/\/www.gipuzkoa.eus\/es\/industria4-0\/ibarmia#ancla-industria<\/a><\/p>\n<h4><span style=\"color: #008080;\"><strong><u>F\u00e1brica cibersegura<\/u><\/strong><\/span><\/h4>\n<p>\u201cLa ciberseguridad es un elemento diferenciador en la actualidad y se convierte en una exigencia en la cadena de valor de la industria 4.0\u201d.<\/p>\n<p><em>\u00c1lvaro Fraile. <strong>CEO de ITS-Security \u2013 GRUPO EGILE<\/strong><\/em><\/p>\n<p><a href=\"https:\/\/www.gipuzkoa.eus\/es\/industria4-0\/its#ancla-industria\">https:\/\/www.gipuzkoa.eus\/es\/industria4-0\/its#ancla-industria<\/a><\/p>\n<h4><span style=\"color: #008080;\"><strong><u>Data analytics<\/u><\/strong><\/span><\/h4>\n<p>\u201cEl an\u00e1lisis de datos permite crear nuevas fuentes de informaci\u00f3n no aprovechadas hasta la fecha\u201d.<\/p>\n<p><em>I\u00f1igo Lazkanotegi. <strong>Sistemas Inteligentes, TECNALIA<\/strong><\/em><\/p>\n<p><a href=\"https:\/\/www.gipuzkoa.eus\/es\/industria4-0\/tecnalia#ancla-industria\">https:\/\/www.gipuzkoa.eus\/es\/industria4-0\/tecnalia#ancla-industria<\/a><\/p>\n<h4><span style=\"color: #008080;\"><strong><u>Fabricaci\u00f3n Aditiva<\/u><\/strong><\/span><\/h4>\n<p>\u201cLas ventajas de la Fabricaci\u00f3n Aditiva suponen una gran mejora en la metodolog\u00eda de dise\u00f1o que las empresas han de saber introducir y aprovechar\u201d.<\/p>\n<p><em>Ferm\u00edn Lazkano. <strong>Responsable de formaci\u00f3n y servicios a las empresas, IMH \u2013 TKGUNE<\/strong><\/em><\/p>\n<p><a href=\"https:\/\/www.gipuzkoa.eus\/es\/industria4-0\/imh#ancla-industria\">https:\/\/www.gipuzkoa.eus\/es\/industria4-0\/imh#ancla-industria<\/a><\/p>\n<h4><span style=\"color: #008080;\"><strong><u>Rob\u00f3tica Colaborativa &amp; Visual Computing<\/u><\/strong><\/span><\/h4>\n<p>\u201cM\u00e1quinas y personas. Las f\u00e1bricas del futuro se basar\u00e1n en la Rob\u00f3tica Flexible y Colaborativa y en el Visual Computing\u201d.<\/p>\n<p><em>Damien Sall\u00e9. <strong>Rob\u00f3tica, TECNALIA<\/strong><\/em><\/p>\n<p><a href=\"https:\/\/www.gipuzkoa.eus\/es\/industria4-0\/vicomtech#ancla-industria\">https:\/\/www.gipuzkoa.eus\/es\/industria4-0\/vicomtech#ancla-industria<\/a><\/p>\n<h4><span style=\"color: #008080;\"><strong><u>Monitorizaci\u00f3n y an\u00e1lisis de datos<\/u><\/strong><\/span><\/h4>\n<p>\u201cGracias a la monitorizaci\u00f3n y el an\u00e1lisis de la informaci\u00f3n obtenida se puede optimizar e incrementar el rendimiento de las m\u00e1quinas\u201d.<\/p>\n<p><em>Aitor Alkorta. <strong>Director General GOIMEK, DANOBATGROUP<\/strong><\/em><\/p>\n<p><a href=\"https:\/\/www.gipuzkoa.eus\/es\/industria4-0\/goimek#ancla-industria\">https:\/\/www.gipuzkoa.eus\/es\/industria4-0\/goimek#ancla-industria<\/a><\/p>\n","protected":false},"excerpt":{"rendered":"<p>Tecnolog\u00eda Laser \u201cPor su potencial de desarrollo y flexibilidad de uso, la tecnolog\u00eda l\u00e1ser se ha convertido en una herramienta imprescindible en la revoluci\u00f3n industrial\u201d. Sandra Talacchia. Responsable \u00c1rea Procesos, IK4 Lortek https:\/\/www.gipuzkoa.eus\/es\/industria4-0\/lortek#ancla-industria Taller mecanizado aut\u00f3nomo y conectado \u201c365 d\u00edas al a\u00f1o, 24 horas al d\u00eda. Aut\u00f3nomo y conectado. As\u00ed trabaja nuestro taller de mecanizado\u201d. [&hellip;]<\/p>\n","protected":false},"author":1,"featured_media":0,"parent":144,"menu_order":0,"comment_status":"closed","ping_status":"closed","template":"","meta":[],"_links":{"self":[{"href":"http:\/\/baliabideak4-0.cidec.net\/eu\/wp-json\/wp\/v2\/pages\/689"}],"collection":[{"href":"http:\/\/baliabideak4-0.cidec.net\/eu\/wp-json\/wp\/v2\/pages"}],"about":[{"href":"http:\/\/baliabideak4-0.cidec.net\/eu\/wp-json\/wp\/v2\/types\/page"}],"author":[{"embeddable":true,"href":"http:\/\/baliabideak4-0.cidec.net\/eu\/wp-json\/wp\/v2\/users\/1"}],"replies":[{"embeddable":true,"href":"http:\/\/baliabideak4-0.cidec.net\/eu\/wp-json\/wp\/v2\/comments?post=689"}],"version-history":[{"count":2,"href":"http:\/\/baliabideak4-0.cidec.net\/eu\/wp-json\/wp\/v2\/pages\/689\/revisions"}],"predecessor-version":[{"id":701,"href":"http:\/\/baliabideak4-0.cidec.net\/eu\/wp-json\/wp\/v2\/pages\/689\/revisions\/701"}],"up":[{"embeddable":true,"href":"http:\/\/baliabideak4-0.cidec.net\/eu\/wp-json\/wp\/v2\/pages\/144"}],"wp:attachment":[{"href":"http:\/\/baliabideak4-0.cidec.net\/eu\/wp-json\/wp\/v2\/media?parent=689"}],"curies":[{"name":"wp","href":"https:\/\/api.w.org\/{rel}","templated":true}]}}